{"id":307,"date":"2018-10-13T17:46:39","date_gmt":"2018-10-13T15:46:39","guid":{"rendered":"https:\/\/promo-theme.com\/spool\/?page_id=307"},"modified":"2026-04-05T00:41:01","modified_gmt":"2026-04-04T22:41:01","slug":"ueberphil","status":"publish","type":"page","link":"https:\/\/aero-phil.de\/en\/ueberphil\/","title":{"rendered":"\u00dcber mich"},"content":{"rendered":"<div data-vc-parallax=\"1.5\" class=\"vc_row wpb_row vc_row-fluid vc_custom_1617823701682 vc_row-has-fill vc_row-o-full-height vc_row-o-columns-middle vc_row-flex vc_general vc_parallax vc_parallax-content-moving\" style=\"  \"><div class=\"wpb_column vc_column_container vc_col-sm-8\"><div class=\"vc_column-inner\" style=\"  \"><div class=\"wpb_wrapper\"><div class=\"vc_row wpb_row vc_inner vc_row-fluid vc_column-gap-35 vc_row-o-equal-height vc_row-o-content-middle vc_row-flex\" style=\"  \"><div class=\"wpb_column vc_column_container vc_col-sm-12 vc_col-md-10\"><div class=\"vc_column-inner\"><div class=\"wpb_wrapper\"><div class=\"pt-special-heading pt-special-heading-5bc396f08b431 tal  wpb_animate_when_almost_visible wpb_fadeInDown fadeInDown  vc_custom_1634762120707\"><h6 class=\"sub-heading\">Hello &amp; Welcome<\/h6><h3 class=\"heading\">my name is Phil<br \/>\nDronevideographer from Karlsruhe, Germany<\/h3><\/div>\n\t<div class=\"wpb_text_column wpb_content_element  wpb_animate_when_almost_visible wpb_fadeInLeft fadeInLeft\" >\n\t\t<div class=\"wpb_wrapper\">\n\t\t\t<p><span style=\"color: #9f9f9f; line-height: 30px;\" data-darkreader-inline-color=\"\">Erst einmal danke, dass du diese Webseite besuchst. Scheinbar haben dich die Unweiten des Internets hierher getrieben oder du hast gezielt nach mir gesucht. Egal was es war, hier ein paar Worte zu dem was ich mache:<\/span><\/p>\n<p><span style=\"color: #9f9f9f; line-height: 30px;\" data-darkreader-inline-color=\"\">I have been fascinated by drone flying since 2016. Gradually, I gained more and more experience, be it flying itself or the technology that keeps the drones in the air in the first place. I would like to offer people and companies the chance to capture breathtaking drone videos for unforgettable moments or top products. The possibilities are almost limitless. So get into the air with me and be curious what comes next.<br \/>\n<\/span><\/p>\n\n\t\t<\/div>\n\t<\/div>\n<div class=\"icon-box row icon-box-69e2e4e0b9a73 style1\"><div class=\"icon-box-item icon-box-item-69e2e4e0b9bbb style1  wpb_animate_when_almost_visible wpb_fadeInLeft fadeInLeft col-xs-12 col-sm-12 col-md-6 col-lg-6\"><div class=\"wrap\"><div class=\"icon filled-cinema-shutter\"><\/div><div class=\"content\"><h5 class=\"h\">Project planning<\/h5><div class=\"desc\">Planning and preparation are essential for a smooth process. Each project is individual and must be tailored to the project.<\/div><\/div><a href=\"#\" target=\"_self\"><\/a><\/div><\/div><div class=\"icon-box-item icon-box-item-69e2e4e0b9ca7 style1  wpb_animate_when_almost_visible wpb_fadeInLeft fadeInLeft col-xs-12 col-sm-12 col-md-6 col-lg-6\"><div class=\"wrap\"><div class=\"icon drones-drone-9\"><\/div><div class=\"content\"><h5 class=\"h\">Drone flight<\/h5><div class=\"desc\">Als von der EASA anerkannter Fernpilot bin ich nicht nur befugt Quadrocopter (im Volksmund Drohnen genannt) zu fliegen. Wie bei der bemannten Luftfahrt z\u00e4hlt hier nat\u00fcrlich auch die Erfahrung, die ich \u00fcber die Jahre gesammelt habe.<\/div><\/div><a href=\"#\" target=\"_self\"><\/a><\/div><\/div><div class=\"icon-box-item icon-box-item-69e2e4e0b9d2b style1  wpb_animate_when_almost_visible wpb_fadeInLeft fadeInLeft col-xs-12 col-sm-12 col-md-6 col-lg-6\"><div class=\"wrap\"><div class=\"icon filled-cinema-countdown\"><\/div><div class=\"content\"><h5 class=\"h\">Creative leadership<\/h5><div class=\"desc\">Durch den Einsatz von FPV Drohnen sind der Kreativit\u00e4t keine Grenzen gesetzt. Indoor- und Outdoor- Flugman\u00f6ver um, \u00fcber und durch Objekte hindurch ergeben ein immersives Erlebnis das Details erfasst und spannende und beeindruckende Einblicke erm\u00f6glicht.<\/div><\/div><a href=\"#\" target=\"_self\"><\/a><\/div><\/div><div class=\"icon-box-item icon-box-item-69e2e4e0b9da5 style1  wpb_animate_when_almost_visible wpb_fadeInLeft fadeInLeft col-xs-12 col-sm-12 col-md-6 col-lg-6\"><div class=\"wrap\"><div class=\"icon drones-screen\"><\/div><div class=\"content\"><h5 class=\"h\">Video editing<\/h5><div class=\"desc\">F\u00fcr die Postproduktion, also Videoschnitt und Colorgrading nach dem Erstellen der Aufnahmen werden aktuelleprofessionelle Programme wie in Hollywood verwendet. Mit aktueller state-of-the-art Soft- und Hardware entstehen termintreue Produktionen.<\/div><\/div><a href=\"#\" target=\"_self\"><\/a><\/div><\/div><\/div><\/div><\/div><\/div><\/div><\/div><\/div><\/div><div class=\"wpb_animate_when_almost_visible wpb_fadeInRight fadeInRight wpb_column vc_column_container vc_col-sm-4\"><div class=\"vc_column-inner\" style=\"  \"><div class=\"wpb_wrapper\">\n\t<div  class=\"wpb_single_image wpb_content_element vc_align_center  wpb_animate_when_almost_visible wpb_fadeInRight fadeInRight\">\n\t\t\n\t\t<figure class=\"wpb_wrapper vc_figure\">\n\t\t\t<a class=\"\" data-lightbox=\"lightbox[rel-307-1394923730]\" href=\"https:\/\/aero-phil.de\/wp-content\/uploads\/2023\/08\/IMG_20230716_170702_343-1024x1024.jpg\" target=\"_self\"><img width=\"2208\" height=\"2208\" src=\"https:\/\/aero-phil.de\/wp-content\/uploads\/2023\/08\/IMG_20230716_170702_343.jpg\" class=\"vc_single_image-img attachment-full\" alt=\"\" decoding=\"async\" loading=\"lazy\" srcset=\"https:\/\/aero-phil.de\/wp-content\/uploads\/2023\/08\/IMG_20230716_170702_343.jpg 2208w, https:\/\/aero-phil.de\/wp-content\/uploads\/2023\/08\/IMG_20230716_170702_343-300x300.jpg 300w, https:\/\/aero-phil.de\/wp-content\/uploads\/2023\/08\/IMG_20230716_170702_343-1024x1024.jpg 1024w, https:\/\/aero-phil.de\/wp-content\/uploads\/2023\/08\/IMG_20230716_170702_343-150x150.jpg 150w, https:\/\/aero-phil.de\/wp-content\/uploads\/2023\/08\/IMG_20230716_170702_343-768x768.jpg 768w, https:\/\/aero-phil.de\/wp-content\/uploads\/2023\/08\/IMG_20230716_170702_343-1536x1536.jpg 1536w, https:\/\/aero-phil.de\/wp-content\/uploads\/2023\/08\/IMG_20230716_170702_343-2048x2048.jpg 2048w, https:\/\/aero-phil.de\/wp-content\/uploads\/2023\/08\/IMG_20230716_170702_343-12x12.jpg 12w, https:\/\/aero-phil.de\/wp-content\/uploads\/2023\/08\/IMG_20230716_170702_343-500x500.jpg 500w, https:\/\/aero-phil.de\/wp-content\/uploads\/2023\/08\/IMG_20230716_170702_343-800x800.jpg 800w, https:\/\/aero-phil.de\/wp-content\/uploads\/2023\/08\/IMG_20230716_170702_343-1280x1280.jpg 1280w, https:\/\/aero-phil.de\/wp-content\/uploads\/2023\/08\/IMG_20230716_170702_343-1920x1920.jpg 1920w\" sizes=\"(max-width: 2208px) 100vw, 2208px\" \/><\/a>\n\t\t<\/figure>\n\t<\/div>\n\n\t<div  class=\"wpb_single_image wpb_content_element vc_align_left\">\n\t\t\n\t\t<figure class=\"wpb_wrapper vc_figure\">\n\t\t\t<a class=\"\" data-lightbox=\"lightbox[rel-307-1113773643]\" href=\"https:\/\/aero-phil.de\/wp-content\/uploads\/2022\/06\/Screenshot-2022-06-25-at-21-03-56-Funkturm-von-Christopher-Rilling-1024x682.png\" target=\"_self\"><img width=\"1129\" height=\"752\" src=\"https:\/\/aero-phil.de\/wp-content\/uploads\/2022\/06\/Screenshot-2022-06-25-at-21-03-56-Funkturm-von-Christopher-Rilling.png\" class=\"vc_single_image-img attachment-full\" alt=\"\" decoding=\"async\" loading=\"lazy\" srcset=\"https:\/\/aero-phil.de\/wp-content\/uploads\/2022\/06\/Screenshot-2022-06-25-at-21-03-56-Funkturm-von-Christopher-Rilling.png 1129w, https:\/\/aero-phil.de\/wp-content\/uploads\/2022\/06\/Screenshot-2022-06-25-at-21-03-56-Funkturm-von-Christopher-Rilling-300x200.png 300w, https:\/\/aero-phil.de\/wp-content\/uploads\/2022\/06\/Screenshot-2022-06-25-at-21-03-56-Funkturm-von-Christopher-Rilling-1024x682.png 1024w, https:\/\/aero-phil.de\/wp-content\/uploads\/2022\/06\/Screenshot-2022-06-25-at-21-03-56-Funkturm-von-Christopher-Rilling-768x512.png 768w, https:\/\/aero-phil.de\/wp-content\/uploads\/2022\/06\/Screenshot-2022-06-25-at-21-03-56-Funkturm-von-Christopher-Rilling-18x12.png 18w, https:\/\/aero-phil.de\/wp-content\/uploads\/2022\/06\/Screenshot-2022-06-25-at-21-03-56-Funkturm-von-Christopher-Rilling-500x333.png 500w, https:\/\/aero-phil.de\/wp-content\/uploads\/2022\/06\/Screenshot-2022-06-25-at-21-03-56-Funkturm-von-Christopher-Rilling-800x533.png 800w\" sizes=\"(max-width: 1129px) 100vw, 1129px\" \/><\/a>\n\t\t<\/figure>\n\t<\/div>\n\n\t<div  class=\"wpb_single_image wpb_content_element vc_align_left\">\n\t\t\n\t\t<figure class=\"wpb_wrapper vc_figure\">\n\t\t\t<a class=\"\" data-lightbox=\"lightbox[rel-307-535362435]\" href=\"https:\/\/aero-phil.de\/wp-content\/uploads\/2022\/06\/Screenshot-2022-06-25-at-21-06-37-Funkturm-von-Christopher-Rilling.png\" target=\"_self\"><img width=\"829\" height=\"553\" src=\"https:\/\/aero-phil.de\/wp-content\/uploads\/2022\/06\/Screenshot-2022-06-25-at-21-06-37-Funkturm-von-Christopher-Rilling.png\" class=\"vc_single_image-img attachment-full\" alt=\"\" decoding=\"async\" loading=\"lazy\" srcset=\"https:\/\/aero-phil.de\/wp-content\/uploads\/2022\/06\/Screenshot-2022-06-25-at-21-06-37-Funkturm-von-Christopher-Rilling.png 829w, https:\/\/aero-phil.de\/wp-content\/uploads\/2022\/06\/Screenshot-2022-06-25-at-21-06-37-Funkturm-von-Christopher-Rilling-300x200.png 300w, https:\/\/aero-phil.de\/wp-content\/uploads\/2022\/06\/Screenshot-2022-06-25-at-21-06-37-Funkturm-von-Christopher-Rilling-768x512.png 768w, https:\/\/aero-phil.de\/wp-content\/uploads\/2022\/06\/Screenshot-2022-06-25-at-21-06-37-Funkturm-von-Christopher-Rilling-18x12.png 18w, https:\/\/aero-phil.de\/wp-content\/uploads\/2022\/06\/Screenshot-2022-06-25-at-21-06-37-Funkturm-von-Christopher-Rilling-500x334.png 500w, https:\/\/aero-phil.de\/wp-content\/uploads\/2022\/06\/Screenshot-2022-06-25-at-21-06-37-Funkturm-von-Christopher-Rilling-800x534.png 800w\" sizes=\"(max-width: 829px) 100vw, 829px\" \/><\/a>\n\t\t<\/figure>\n\t<\/div>\n<\/div><\/div><\/div><\/div>","protected":false},"excerpt":{"rendered":"Hallo &amp; WillkommenMein Name ist Phil, Drohnenvideograf aus Karlsruhe Erst einmal danke, dass du diese Webseite besuchst. Scheinbar haben dich die Unweiten des Internets hierher getrieben oder du hast gezielt nach mir gesucht. Egal was es war, hier ein paar Worte zu dem was ich mache: Seit 2016 fasziniert mich das Drohnenfliegen. Nach und nach [...]","protected":false},"author":1,"featured_media":0,"parent":0,"menu_order":0,"comment_status":"closed","ping_status":"closed","template":"template-landing.php","meta":{"_themeisle_gutenberg_block_has_review":false},"acf":[],"_links":{"self":[{"href":"https:\/\/aero-phil.de\/en\/wp-json\/wp\/v2\/pages\/307"}],"collection":[{"href":"https:\/\/aero-phil.de\/en\/wp-json\/wp\/v2\/pages"}],"about":[{"href":"https:\/\/aero-phil.de\/en\/wp-json\/wp\/v2\/types\/page"}],"author":[{"embeddable":true,"href":"https:\/\/aero-phil.de\/en\/wp-json\/wp\/v2\/users\/1"}],"replies":[{"embeddable":true,"href":"https:\/\/aero-phil.de\/en\/wp-json\/wp\/v2\/comments?post=307"}],"version-history":[{"count":39,"href":"https:\/\/aero-phil.de\/en\/wp-json\/wp\/v2\/pages\/307\/revisions"}],"predecessor-version":[{"id":1697,"href":"https:\/\/aero-phil.de\/en\/wp-json\/wp\/v2\/pages\/307\/revisions\/1697"}],"wp:attachment":[{"href":"https:\/\/aero-phil.de\/en\/wp-json\/wp\/v2\/media?parent=307"}],"curies":[{"name":"wp","href":"https:\/\/api.w.org\/{rel}","templated":true}]}}